{"id":125,"date":"2026-02-19T11:58:44","date_gmt":"2026-02-19T14:58:44","guid":{"rendered":"https:\/\/radiojuntoemisturado.com.br\/site\/?page_id=125"},"modified":"2026-02-23T11:47:12","modified_gmt":"2026-02-23T14:47:12","slug":"a-radio","status":"publish","type":"page","link":"https:\/\/radiojuntoemisturado.com.br\/site\/a-radio\/","title":{"rendered":"Sobre n\u00f3s"},"content":{"rendered":"\t\t<div data-elementor-type=\"wp-page\" data-elementor-id=\"125\" class=\"elementor elementor-125\" data-elementor-post-type=\"page\">\n\t\t\t\t<div class=\"elementor-element elementor-element-129161c5 e-flex e-con-boxed e-con e-parent\" data-id=\"129161c5\" data-element_type=\"container\" data-e-type=\"container\">\n\t\t\t\t\t<div class=\"e-con-inner\">\n\t\t\t\t<div class=\"elementor-element elementor-element-2d14e859 elementor-widget elementor-widget-text-editor\" data-id=\"2d14e859\" data-element_type=\"widget\" data-e-type=\"widget\" data-widget_type=\"text-editor.default\">\n\t\t\t\t\t\t\t\t\t<p><\/p>\n<p>A <strong>Web R\u00e1dio Junto e Misturado<\/strong> \u00e9 uma webr\u00e1dio j\u00e1 tradicional, feita para quem ama m\u00fasica de verdade. Aqui, o som n\u00e3o tem \u00e9poca nem r\u00f3tulo: misturamos os sucessos atuais com os grandes cl\u00e1ssicos que marcaram gera\u00e7\u00f5es, criando uma programa\u00e7\u00e3o que agrada a todos os gostos.<\/p>\n<p><\/p>\n<p>Nossa miss\u00e3o \u00e9 simples: levar boa m\u00fasica, boas lembran\u00e7as e companhia de qualidade para o seu dia a dia. Seja para curtir as novidades do momento ou para matar a saudade dos bons tempos, a Web R\u00e1dio Junto e Misturado est\u00e1 sempre no ar, conectando passado e presente em uma s\u00f3 sintonia.<\/p>\n<p><\/p>\n<p>Sintonize, aumente o volume e venha misturar emo\u00e7\u00f5es com a gente!<\/p>\n<p>Baixe nosso\u00a0<a href=\"https:\/\/centova2.ipstm.net:2199\/plugins\/app-multiplataforma\/webradiojunto\/\" target=\"_blank\" rel=\"noopener\">aplicativo\u00a0<\/a>e ou\u00e7a nossa programa\u00e7\u00e3o onde voc\u00ea estiver.<\/p>\n<p><\/p>\t\t\t\t\t\t\t\t<\/div>\n\t\t\t\t\t<\/div>\n\t\t\t\t<\/div>\n\t\t<div class=\"elementor-element elementor-element-1a97879 e-flex e-con-boxed e-con e-parent\" data-id=\"1a97879\" data-element_type=\"container\" data-e-type=\"container\">\n\t\t\t\t\t<div class=\"e-con-inner\">\n\t\t<div class=\"elementor-element elementor-element-fc645eb e-con-full e-flex e-con e-child\" data-id=\"fc645eb\" data-element_type=\"container\" data-e-type=\"container\">\n\t\t\t\t<div class=\"elementor-element elementor-element-a89e0fc elementor-widget-divider--view-line_text elementor-widget-divider--element-align-center elementor-widget elementor-widget-divider\" data-id=\"a89e0fc\" data-element_type=\"widget\" data-e-type=\"widget\" data-widget_type=\"divider.default\">\n\t\t\t\t\t\t\t<div class=\"elementor-divider\">\n\t\t\t<span class=\"elementor-divider-separator\">\n\t\t\t\t\t\t\t<span class=\"elementor-divider__text elementor-divider__element\">\n\t\t\t\tApps e Redes Sociais\t\t\t\t<\/span>\n\t\t\t\t\t\t<\/span>\n\t\t<\/div>\n\t\t\t\t\t\t<\/div>\n\t\t\t\t<\/div>\n\t\t\t\t\t<\/div>\n\t\t\t\t<\/div>\n\t\t<div class=\"elementor-element elementor-element-5b911f3 e-flex e-con-boxed e-con e-parent\" data-id=\"5b911f3\" data-element_type=\"container\" data-e-type=\"container\">\n\t\t\t\t\t<div class=\"e-con-inner\">\n\t\t<div class=\"elementor-element elementor-element-e75dd79 e-grid e-con-full e-con e-child\" data-id=\"e75dd79\" data-element_type=\"container\" data-e-type=\"container\">\n\t\t\t\t<div class=\"elementor-element elementor-element-167f7e4 elementor-widget elementor-widget-image\" data-id=\"167f7e4\" data-element_type=\"widget\" data-e-type=\"widget\" data-widget_type=\"image.default\">\n\t\t\t\t\t\t\t\t\t\t\t\t\t\t\t\t<a href=\"https:\/\/centova2.ipstm.net:2199\/plugins\/app-multiplataforma\/webradiojunto\/\" target=\"_blank\">\n\t\t\t\t\t\t\t<img fetchpriority=\"high\" decoding=\"async\" width=\"800\" height=\"800\" src=\"https:\/\/radiojuntoemisturado.com.br\/site\/wp-content\/uploads\/2026\/02\/2-1-1024x1024.png\" class=\"attachment-large size-large wp-image-53\" alt=\"\" srcset=\"https:\/\/radiojuntoemisturado.com.br\/site\/wp-content\/uploads\/2026\/02\/2-1-1024x1024.png 1024w, https:\/\/radiojuntoemisturado.com.br\/site\/wp-content\/uploads\/2026\/02\/2-1-300x300.png 300w, https:\/\/radiojuntoemisturado.com.br\/site\/wp-content\/uploads\/2026\/02\/2-1-150x150.png 150w, https:\/\/radiojuntoemisturado.com.br\/site\/wp-content\/uploads\/2026\/02\/2-1-768x768.png 768w, https:\/\/radiojuntoemisturado.com.br\/site\/wp-content\/uploads\/2026\/02\/2-1.png 1080w\" sizes=\"(max-width: 800px) 100vw, 800px\" \/>\t\t\t\t\t\t\t\t<\/a>\n\t\t\t\t\t\t\t\t\t\t\t\t\t\t\t<\/div>\n\t\t\t\t<div class=\"elementor-element elementor-element-0521c23 elementor-widget elementor-widget-image\" data-id=\"0521c23\" data-element_type=\"widget\" data-e-type=\"widget\" data-widget_type=\"image.default\">\n\t\t\t\t\t\t\t\t\t\t\t\t\t\t\t<img decoding=\"async\" width=\"800\" height=\"800\" src=\"https:\/\/radiojuntoemisturado.com.br\/site\/wp-content\/uploads\/2026\/02\/compartilhe-1024x1024.png\" class=\"attachment-large size-large wp-image-58\" alt=\"\" srcset=\"https:\/\/radiojuntoemisturado.com.br\/site\/wp-content\/uploads\/2026\/02\/compartilhe-1024x1024.png 1024w, https:\/\/radiojuntoemisturado.com.br\/site\/wp-content\/uploads\/2026\/02\/compartilhe-300x300.png 300w, https:\/\/radiojuntoemisturado.com.br\/site\/wp-content\/uploads\/2026\/02\/compartilhe-150x150.png 150w, https:\/\/radiojuntoemisturado.com.br\/site\/wp-content\/uploads\/2026\/02\/compartilhe-768x768.png 768w, https:\/\/radiojuntoemisturado.com.br\/site\/wp-content\/uploads\/2026\/02\/compartilhe.png 1080w\" sizes=\"(max-width: 800px) 100vw, 800px\" \/>\t\t\t\t\t\t\t\t\t\t\t\t\t\t\t<\/div>\n\t\t\t\t<div class=\"elementor-element elementor-element-df42821 elementor-widget elementor-widget-image\" data-id=\"df42821\" data-element_type=\"widget\" data-e-type=\"widget\" data-widget_type=\"image.default\">\n\t\t\t\t\t\t\t\t\t\t\t\t\t\t\t\t<a href=\"https:\/\/www.facebook.com\/radiojuntoemisturado.com.br\" target=\"_blank\">\n\t\t\t\t\t\t\t<img decoding=\"async\" width=\"800\" height=\"800\" src=\"https:\/\/radiojuntoemisturado.com.br\/site\/wp-content\/uploads\/2026\/02\/1-1-1024x1024.png\" class=\"attachment-large size-large wp-image-52\" alt=\"\" srcset=\"https:\/\/radiojuntoemisturado.com.br\/site\/wp-content\/uploads\/2026\/02\/1-1-1024x1024.png 1024w, https:\/\/radiojuntoemisturado.com.br\/site\/wp-content\/uploads\/2026\/02\/1-1-300x300.png 300w, https:\/\/radiojuntoemisturado.com.br\/site\/wp-content\/uploads\/2026\/02\/1-1-150x150.png 150w, https:\/\/radiojuntoemisturado.com.br\/site\/wp-content\/uploads\/2026\/02\/1-1-768x768.png 768w, https:\/\/radiojuntoemisturado.com.br\/site\/wp-content\/uploads\/2026\/02\/1-1.png 1080w\" sizes=\"(max-width: 800px) 100vw, 800px\" \/>\t\t\t\t\t\t\t\t<\/a>\n\t\t\t\t\t\t\t\t\t\t\t\t\t\t\t<\/div>\n\t\t\t\t<\/div>\n\t\t\t\t\t<\/div>\n\t\t\t\t<\/div>\n\t\t<div class=\"elementor-element elementor-element-1267f51 e-flex e-con-boxed e-con e-parent\" data-id=\"1267f51\" data-element_type=\"container\" data-e-type=\"container\">\n\t\t\t\t\t<div class=\"e-con-inner\">\n\t\t\t\t<div class=\"elementor-element elementor-element-459ffb7 elementor-widget elementor-widget-image\" data-id=\"459ffb7\" data-element_type=\"widget\" data-e-type=\"widget\" data-widget_type=\"image.default\">\n\t\t\t\t\t\t\t\t\t\t\t\t\t\t\t<img loading=\"lazy\" decoding=\"async\" width=\"1200\" height=\"200\" src=\"https:\/\/radiojuntoemisturado.com.br\/site\/wp-content\/uploads\/2026\/02\/banner_footer.png\" class=\"attachment-full size-full wp-image-380\" alt=\"\" srcset=\"https:\/\/radiojuntoemisturado.com.br\/site\/wp-content\/uploads\/2026\/02\/banner_footer.png 1200w, https:\/\/radiojuntoemisturado.com.br\/site\/wp-content\/uploads\/2026\/02\/banner_footer-300x50.png 300w, https:\/\/radiojuntoemisturado.com.br\/site\/wp-content\/uploads\/2026\/02\/banner_footer-1024x171.png 1024w, https:\/\/radiojuntoemisturado.com.br\/site\/wp-content\/uploads\/2026\/02\/banner_footer-768x128.png 768w\" sizes=\"(max-width: 1200px) 100vw, 1200px\" \/>\t\t\t\t\t\t\t\t\t\t\t\t\t\t\t<\/div>\n\t\t\t\t\t<\/div>\n\t\t\t\t<\/div>\n\t\t\t\t<\/div>\n\t\t","protected":false},"excerpt":{"rendered":"<p>A Web R\u00e1dio Junto e Misturado \u00e9 uma webr\u00e1dio j\u00e1 tradicional, feita para quem ama m\u00fasica de verdade. Aqui, o som n\u00e3o tem \u00e9poca nem r\u00f3tulo: misturamos os sucessos atuais com os grandes cl\u00e1ssicos que marcaram gera\u00e7\u00f5es, criando uma programa\u00e7\u00e3o que agrada a todos os gostos. Nossa miss\u00e3o \u00e9 simples: levar boa m\u00fasica, boas lembran\u00e7as [&hellip;]<\/p>\n","protected":false},"author":1,"featured_media":0,"parent":0,"menu_order":0,"comment_status":"closed","ping_status":"closed","template":"elementor_theme","meta":{"footnotes":""},"class_list":["post-125","page","type-page","status-publish","hentry"],"_links":{"self":[{"href":"https:\/\/radiojuntoemisturado.com.br\/site\/wp-json\/wp\/v2\/pages\/125","targetHints":{"allow":["GET"]}}],"collection":[{"href":"https:\/\/radiojuntoemisturado.com.br\/site\/wp-json\/wp\/v2\/pages"}],"about":[{"href":"https:\/\/radiojuntoemisturado.com.br\/site\/wp-json\/wp\/v2\/types\/page"}],"author":[{"embeddable":true,"href":"https:\/\/radiojuntoemisturado.com.br\/site\/wp-json\/wp\/v2\/users\/1"}],"replies":[{"embeddable":true,"href":"https:\/\/radiojuntoemisturado.com.br\/site\/wp-json\/wp\/v2\/comments?post=125"}],"version-history":[{"count":20,"href":"https:\/\/radiojuntoemisturado.com.br\/site\/wp-json\/wp\/v2\/pages\/125\/revisions"}],"predecessor-version":[{"id":417,"href":"https:\/\/radiojuntoemisturado.com.br\/site\/wp-json\/wp\/v2\/pages\/125\/revisions\/417"}],"wp:attachment":[{"href":"https:\/\/radiojuntoemisturado.com.br\/site\/wp-json\/wp\/v2\/media?parent=125"}],"curies":[{"name":"wp","href":"https:\/\/api.w.org\/{rel}","templated":true}]}}