{"id":3,"date":"2026-02-13T15:45:42","date_gmt":"2026-02-13T18:45:42","guid":{"rendered":"https:\/\/radiojuntoemisturado.com.br\/site\/?page_id=3"},"modified":"2026-02-23T11:50:45","modified_gmt":"2026-02-23T14:50:45","slug":"politica-de-privacidade","status":"publish","type":"page","link":"https:\/\/radiojuntoemisturado.com.br\/site\/politica-de-privacidade\/","title":{"rendered":"Pol\u00edtica de Privacidade"},"content":{"rendered":"\n<h2 class=\"wp-block-heading\">Quem somos<\/h2>\n\n\n\n<p>O endere\u00e7o do nosso site \u00e9: https:\/\/radiojuntoemisturado.com.br.<\/p>\n\n\n\n<h2 class=\"wp-block-heading\">Introdu\u00e7\u00e3o<\/h2>\n\n\n\n<p>Esta \u00e9 a nossa Pol\u00edtica de Privacidade. Nesta Pol\u00edtica de Privacidade, referimos ao nosso aplicativo denominado Web R\u00e1dio Junto e Misturado, dispon\u00edvel para smartphones como o sistema operacional Android e servi\u00e7o de Streaming. Leia para saber mais sobre nossas pr\u00e1ticas de manipula\u00e7\u00e3o de dados. Seu uso do Aplicativo significa que voc\u00ea concorda com os termos desta Pol\u00edtica de Privacidade. Se voc\u00ea n\u00e3o concorda com os termos desta Pol\u00edtica de Privacidade, n\u00e3o use o Aplicativo ou desinstale-o.<\/p>\n\n\n\n<h2 class=\"wp-block-heading\">Informa\u00e7\u00e3o \u00datil<\/h2>\n\n\n\n<p>Quando voc\u00ea instala nosso Aplicativo no seu dispositivo, n\u00e3o coletamos nenhum tipo de dado ou informa\u00e7\u00e3o.<\/p>\n\n\n\n<p>&#8211; Notifica\u00e7\u00e3o de Altera\u00e7\u00f5es<\/p>\n\n\n\n<p>Reservamos o direito de fazer altera\u00e7\u00f5es nesta Pol\u00edtica de Privacidade.<\/p>\n\n\n\n<p>Voc\u00ea pode revisar as atualiza\u00e7\u00f5es de nossa Pol\u00edtica de Privacidade a qualquer momento por meio de links na conta do Google Play.<\/p>\n\n\n\n<p>Reservamos o direito de modificar esta pol\u00edtica periodicamente, portanto, revise-a com frequ\u00eancia.<\/p>\n\n\n\n<p>Se fizermos altera\u00e7\u00f5es nesta pol\u00edtica, notificaremos publicando uma Pol\u00edtica de Privacidade revisada ou conforme exigido por lei, que ser\u00e1 postada na Google Play e em nossas redes sociais.<\/p>\n\n\n\n<p>Voc\u00ea concorda em revisar a Pol\u00edtica de Privacidade periodicamente para estar ciente de quaisquer modifica\u00e7\u00f5es.<\/p>\n\n\n\n<p>Voc\u00ea concorda que o uso continuado do Aplicativo ap\u00f3s a publica\u00e7\u00e3o de uma Pol\u00edtica de Privacidade revisada ou o fornecimento de um aviso sobre nosso aplicativo constitui sua aceita\u00e7\u00e3o da Pol\u00edtica de Privacidade revisada.<\/p>\n\n\n\n<p>Se voc\u00ea N\u00c3O concorda com os termos da Pol\u00edtica de Privacidade, n\u00e3o deve usar o Aplicativo.<\/p>\n\n\n\n<h2 class=\"wp-block-heading\">Informa\u00e7\u00f5es de Contato<\/h2>\n\n\n\n<p>Se voc\u00ea tiver alguma d\u00favida sobre esta Pol\u00edtica de Privacidade, entre em contato atrav\u00e9s do menu CONTATO nesse portal.<\/p>\n\n\n\n<p>Quaisquer informa\u00e7\u00f5es de identifica\u00e7\u00e3o pessoal fornecidas em conex\u00e3o com perguntas relacionadas a esta Pol\u00edtica de Privacidade ser\u00e3o usadas apenas com a finalidade de responder \u00e0 pergunta e de acordo com nossa Pol\u00edtica de Privacidade.<\/p>\n\n\n\n<p><\/p>\n\n\n\n<p><\/p>\n\n\n\n<p><\/p>\n\n\n\n<p><\/p>\n\n\n<p><img fetchpriority=\"high\" decoding=\"async\" width=\"1200\" height=\"200\" src=\"https:\/\/radiojuntoemisturado.com.br\/site\/wp-content\/uploads\/2026\/02\/banner_footer.png\" alt=\"\" srcset=\"https:\/\/radiojuntoemisturado.com.br\/site\/wp-content\/uploads\/2026\/02\/banner_footer.png 1200w, https:\/\/radiojuntoemisturado.com.br\/site\/wp-content\/uploads\/2026\/02\/banner_footer-300x50.png 300w, https:\/\/radiojuntoemisturado.com.br\/site\/wp-content\/uploads\/2026\/02\/banner_footer-1024x171.png 1024w, https:\/\/radiojuntoemisturado.com.br\/site\/wp-content\/uploads\/2026\/02\/banner_footer-768x128.png 768w\" sizes=\"(max-width: 1200px) 100vw, 1200px\" \/><\/p>","protected":false},"excerpt":{"rendered":"<p>Quem somos O endere\u00e7o do nosso site \u00e9: https:\/\/radiojuntoemisturado.com.br. Introdu\u00e7\u00e3o Esta \u00e9 a nossa Pol\u00edtica de Privacidade. Nesta Pol\u00edtica de Privacidade, referimos ao nosso aplicativo denominado Web R\u00e1dio Junto e Misturado, dispon\u00edvel para smartphones como o sistema operacional Android e servi\u00e7o de Streaming. Leia para saber mais sobre nossas pr\u00e1ticas de manipula\u00e7\u00e3o de dados. Seu [&hellip;]<\/p>\n","protected":false},"author":1,"featured_media":0,"parent":0,"menu_order":0,"comment_status":"closed","ping_status":"open","template":"","meta":{"footnotes":""},"class_list":["post-3","page","type-page","status-publish","hentry"],"_links":{"self":[{"href":"https:\/\/radiojuntoemisturado.com.br\/site\/wp-json\/wp\/v2\/pages\/3","targetHints":{"allow":["GET"]}}],"collection":[{"href":"https:\/\/radiojuntoemisturado.com.br\/site\/wp-json\/wp\/v2\/pages"}],"about":[{"href":"https:\/\/radiojuntoemisturado.com.br\/site\/wp-json\/wp\/v2\/types\/page"}],"author":[{"embeddable":true,"href":"https:\/\/radiojuntoemisturado.com.br\/site\/wp-json\/wp\/v2\/users\/1"}],"replies":[{"embeddable":true,"href":"https:\/\/radiojuntoemisturado.com.br\/site\/wp-json\/wp\/v2\/comments?post=3"}],"version-history":[{"count":6,"href":"https:\/\/radiojuntoemisturado.com.br\/site\/wp-json\/wp\/v2\/pages\/3\/revisions"}],"predecessor-version":[{"id":422,"href":"https:\/\/radiojuntoemisturado.com.br\/site\/wp-json\/wp\/v2\/pages\/3\/revisions\/422"}],"wp:attachment":[{"href":"https:\/\/radiojuntoemisturado.com.br\/site\/wp-json\/wp\/v2\/media?parent=3"}],"curies":[{"name":"wp","href":"https:\/\/api.w.org\/{rel}","templated":true}]}}